{"id":506,"date":"2023-05-15T10:41:25","date_gmt":"2023-05-15T09:41:25","guid":{"rendered":"https:\/\/hoppingflame.org\/?page_id=506"},"modified":"2025-05-26T12:01:38","modified_gmt":"2025-05-26T10:01:38","slug":"qui-je-suis","status":"publish","type":"page","link":"https:\/\/hoppingflame.org\/?page_id=506","title":{"rendered":"Qui je suis"},"content":{"rendered":"<p>[et_pb_section fb_built=&#8221;1&#8243; _builder_version=&#8221;4.21.0&#8243; _module_preset=&#8221;default&#8221; global_colors_info=&#8221;{}&#8221;][et_pb_row column_structure=&#8221;1_2,1_2&#8243; _builder_version=&#8221;4.21.0&#8243; _module_preset=&#8221;default&#8221; custom_padding=&#8221;|14px||||&#8221; global_colors_info=&#8221;{}&#8221;][et_pb_column type=&#8221;1_2&#8243; _builder_version=&#8221;4.21.0&#8243; _module_preset=&#8221;default&#8221; global_colors_info=&#8221;{}&#8221;][et_pb_image src=&#8221;https:\/\/hoppingflame.org\/wp-content\/uploads\/2023\/05\/IMG_0545.jpeg&#8221; title_text=&#8221;IMG_0545&#8243; _builder_version=&#8221;4.21.0&#8243; _module_preset=&#8221;default&#8221; box_shadow_style=&#8221;preset2&#8243; global_colors_info=&#8221;{}&#8221;][\/et_pb_image][\/et_pb_column][et_pb_column type=&#8221;1_2&#8243; _builder_version=&#8221;4.21.0&#8243; _module_preset=&#8221;default&#8221; global_colors_info=&#8221;{}&#8221;][et_pb_text _builder_version=&#8221;4.27.4&#8243; _module_preset=&#8221;default&#8221; text_font=&#8221;Quicksand|600|||||||&#8221; text_orientation=&#8221;center&#8221; hover_enabled=&#8221;0&#8243; global_colors_info=&#8221;{}&#8221; sticky_enabled=&#8221;0&#8243;]<\/p>\n<h3 style=\"text-align: left;\"><strong>Qui je suis<\/strong><\/h3>\n<p>&nbsp;<\/p>\n<p style=\"text-align: left;\">N\u00e9e juste au milieu du si\u00e8cle dernier, je ne sais pas encore r\u00e9pondre \u00e0 cette question existentielle.<\/p>\n<p style=\"text-align: left;\">Mais ce qui est certain, c\u2019est que les oeuvres que je cr\u00e9e depuis 30 ans rendent bien mieux compte de qui je suis et des espaces en moi, que les mots et le r\u00e9cit de mon parcours.<span class=\"Apple-converted-space\">\u00a0<\/span><\/p>\n<p style=\"text-align: left;\">Il est par ailleurs assez<span class=\"Apple-converted-space\">\u00a0<\/span>simple.<\/p>\n<p style=\"text-align: left;\">Je suis maman de 2 filles et grand-m\u00e8re de 4 petits enfants.<span class=\"Apple-converted-space\">\u00a0<\/span><\/p>\n<p style=\"text-align: left;\">J\u2019ai travaill\u00e9 dans le domaine de l\u2019aide \u00e0 la personne.<\/p>\n<p style=\"text-align: left;\">J\u2019ai d\u00e9m\u00e9nag\u00e9 10 fois depuis mon divorce en 1996.<\/p>\n<p style=\"text-align: left;\">Et mes oeuvres, vous verrez, bougent comme moi!<\/p>\n<p>[\/et_pb_text][\/et_pb_column][\/et_pb_row][et_pb_row column_structure=&#8221;1_2,1_4,1_4&#8243; _builder_version=&#8221;4.21.0&#8243; _module_preset=&#8221;default&#8221; custom_padding=&#8221;|14px||||&#8221; global_colors_info=&#8221;{}&#8221;][et_pb_column type=&#8221;1_2&#8243; _builder_version=&#8221;4.21.0&#8243; _module_preset=&#8221;default&#8221; global_colors_info=&#8221;{}&#8221;][et_pb_divider divider_style=&#8221;dotted&#8221; _builder_version=&#8221;4.21.0&#8243; _module_preset=&#8221;default&#8221; global_colors_info=&#8221;{}&#8221;][\/et_pb_divider][et_pb_text _builder_version=&#8221;4.27.4&#8243; _module_preset=&#8221;default&#8221; text_font=&#8221;Quicksand|600|||||||&#8221; text_orientation=&#8221;center&#8221; hover_enabled=&#8221;0&#8243; global_colors_info=&#8221;{}&#8221; sticky_enabled=&#8221;0&#8243;]<\/p>\n<p style=\"text-align: left;\">C\u2019est il y a environ 30 ans que j\u2019ai fait connaissance avec la <b>peinture m\u00e9ditative <\/b>qui est vite devenue\u2026 une passion.<\/p>\n<p style=\"text-align: left;\">Laisser les couleurs faire leur oeuvre en pr\u00e9sence d\u2019une goutte ou un filet d\u2019eau, sur feuille s\u00e8che ou mouill\u00e9e est un \u00e9merveillement plein de possibles.<\/p>\n<p style=\"text-align: left;\">Au fil du temps le m\u00e9ditatif a aiguis\u00e9 <b>l\u2019intu\u00eftif, l\u2019onirique, le ludique.<\/b><\/p>\n<p style=\"text-align: left;\">Les plages de couleurs ont donn\u00e9 forme \u00e0 des cr\u00e9atures humaines, animales, comiques, de r\u00eave ou bizarres.<\/p>\n<p style=\"text-align: left;\">Apr\u00e8s les <b>aquarelles (au crayon et\/ou pastilles),<span class=\"Apple-converted-space\">\u00a0<\/span><\/b> j\u2019ai explor\u00e9 d\u2019autres m\u00e9diateurs comme les <b>pastels et l\u2019\u00e9coline.<\/b><\/p>\n<p style=\"text-align: left;\"><b>Le crayon aquarelle <\/b>reste mon m\u00e9diateur pr\u00e9f\u00e9r\u00e9. Il est en accord parfait avec mon enfant int\u00e9rieur, encore tr\u00e8s vif \u00e0 73 ans.<span class=\"Apple-converted-space\">\u00a0<\/span><\/p>\n<p style=\"text-align: left;\">J\u2019ai au fil du temps<span class=\"Apple-converted-space\">\u00a0<\/span>et conjointement cr\u00e9\u00e9<span class=\"Apple-converted-space\">\u00a0 <\/span>des<span class=\"Apple-converted-space\">\u00a0<\/span><b>mandalas<\/b>.<span class=\"Apple-converted-space\">\u00a0<\/span><\/p>\n<p style=\"text-align: left;\">Au centre de ce contenant rond, mon monde et les id\u00e9es<span class=\"Apple-converted-space\">\u00a0<\/span>peuvent trouver place et \u00e9voluer.<span class=\"Apple-converted-space\">\u00a0<\/span><\/p>\n<p style=\"text-align: left;\">Ils sont l\u2019expression<span class=\"Apple-converted-space\">\u00a0<\/span>de mes humeurs, \u00e9tats d\u2019\u00e2me et d\u00e9couvertes int\u00e9rieures par symboles, ou en \u00e9tant figuratifs.<span class=\"Apple-converted-space\">\u00a0<\/span><\/p>\n<p style=\"text-align: left;\">Ils sont le t\u00e9moin d\u2019un travail int\u00e9rieur n\u00e9cessaire \u00e0 leur \u00e9laboration.<\/p>\n<p style=\"text-align: left;\">L\u2019univers est UN et en regardant une oeuvre,<span class=\"Apple-converted-space\">\u00a0<\/span>chacun peut \u00eatre touch\u00e9 ou attir\u00e9 par un aspect, qui peut \u00eatre invisible ou insignifiant \u00e0 une autre personne. On peut se projeter, se reconna\u00eetre ou mesurer la distance entre soi et \u201c\u00e7a\u201d.<\/p>\n<p style=\"text-align: left;\">Mais c\u2019est de toutes les fa\u00e7ons un pont entre vous et moi.<span class=\"Apple-converted-space\">\u00a0<\/span><\/p>\n<p style=\"text-align: left;\">Je vois mes oeuvres comme une tentative parfois maladroite parfois heureuse, de rendre compte de l\u2019\u00e2me. Et de nos liens humains.<span class=\"Apple-converted-space\">\u00a0<\/span><\/p>\n<p style=\"text-align: left;\">Que vous soyez<span class=\"Apple-converted-space\">\u00a0<\/span>interpel\u00e9s, touch\u00e9s et \u00e9mus par elles, me r\u00e9jouis.<\/p>\n<p style=\"text-align: left;\">C\u2019est ma contribution \u00e0 un monde plus libre, vrai et juste.<\/p>\n<p style=\"text-align: left;\">Bonnes d\u00e9couvertes!<\/p>\n<p style=\"text-align: left;\">Maria<\/p>\n<p>[\/et_pb_text][\/et_pb_column][et_pb_column type=&#8221;1_4&#8243; _builder_version=&#8221;4.21.0&#8243; _module_preset=&#8221;default&#8221; global_colors_info=&#8221;{}&#8221;][et_pb_image src=&#8221;https:\/\/hoppingflame.org\/wp-content\/uploads\/2023\/05\/I-remember.jpg&#8221; title_text=&#8221;I remember&#8221; _builder_version=&#8221;4.21.0&#8243; _module_preset=&#8221;default&#8221; box_shadow_style=&#8221;preset2&#8243; global_colors_info=&#8221;{}&#8221;][\/et_pb_image][et_pb_divider divider_style=&#8221;dashed&#8221; divider_position=&#8221;center&#8221; _builder_version=&#8221;4.21.0&#8243; _module_preset=&#8221;default&#8221; global_colors_info=&#8221;{}&#8221;][\/et_pb_divider][et_pb_image src=&#8221;https:\/\/hoppingflame.org\/wp-content\/uploads\/2023\/05\/Montesilvano-shells.jpg&#8221; title_text=&#8221;Montesilvano shells&#8221; _builder_version=&#8221;4.21.0&#8243; _module_preset=&#8221;default&#8221; box_shadow_style=&#8221;preset2&#8243; global_colors_info=&#8221;{}&#8221;][\/et_pb_image][et_pb_divider divider_style=&#8221;dashed&#8221; divider_position=&#8221;center&#8221; _builder_version=&#8221;4.21.0&#8243; _module_preset=&#8221;default&#8221; global_colors_info=&#8221;{}&#8221;][\/et_pb_divider][et_pb_image src=&#8221;https:\/\/hoppingflame.org\/wp-content\/uploads\/2023\/05\/Nos-pensees.jpg&#8221; title_text=&#8221;Nos pens\u00e9es&#8221; _builder_version=&#8221;4.21.0&#8243; _module_preset=&#8221;default&#8221; box_shadow_style=&#8221;preset2&#8243; global_colors_info=&#8221;{}&#8221;][\/et_pb_image][et_pb_divider divider_style=&#8221;dashed&#8221; divider_position=&#8221;bottom&#8221; _builder_version=&#8221;4.21.0&#8243; _module_preset=&#8221;default&#8221; global_colors_info=&#8221;{}&#8221;][\/et_pb_divider][\/et_pb_column][et_pb_column type=&#8221;1_4&#8243; _builder_version=&#8221;4.21.0&#8243; _module_preset=&#8221;default&#8221; global_colors_info=&#8221;{}&#8221;][et_pb_image src=&#8221;https:\/\/hoppingflame.org\/wp-content\/uploads\/2023\/05\/IMG_5665.jpeg&#8221; title_text=&#8221;IMG_5665&#8243; _builder_version=&#8221;4.21.0&#8243; _module_preset=&#8221;default&#8221; box_shadow_style=&#8221;preset2&#8243; global_colors_info=&#8221;{}&#8221;][\/et_pb_image][et_pb_image src=&#8221;https:\/\/hoppingflame.org\/wp-content\/uploads\/2023\/05\/DSCN1827-scaled.jpg&#8221; title_text=&#8221;DSCN1827&#8243; _builder_version=&#8221;4.21.0&#8243; _module_preset=&#8221;default&#8221; box_shadow_style=&#8221;preset2&#8243; global_colors_info=&#8221;{}&#8221;][\/et_pb_image][et_pb_image src=&#8221;https:\/\/hoppingflame.org\/wp-content\/uploads\/2023\/05\/7CF8FDE2-FE54-419E-9C35-F92ABC2F3894.jpg&#8221; title_text=&#8221;7CF8FDE2-FE54-419E-9C35-F92ABC2F3894&#8243; _builder_version=&#8221;4.21.0&#8243; _module_preset=&#8221;default&#8221; box_shadow_style=&#8221;preset2&#8243; global_colors_info=&#8221;{}&#8221;][\/et_pb_image][\/et_pb_column][\/et_pb_row][et_pb_row _builder_version=&#8221;4.21.0&#8243; _module_preset=&#8221;default&#8221; global_colors_info=&#8221;{}&#8221;][et_pb_column type=&#8221;4_4&#8243; _builder_version=&#8221;4.21.0&#8243; _module_preset=&#8221;default&#8221; global_colors_info=&#8221;{}&#8221;][et_pb_divider _builder_version=&#8221;4.21.0&#8243; _module_preset=&#8221;default&#8221; global_colors_info=&#8221;{}&#8221;][\/et_pb_divider][\/et_pb_column][\/et_pb_row][\/et_pb_section]<\/p>\n","protected":false},"excerpt":{"rendered":"<p>Qui je suis &nbsp; N\u00e9e juste au milieu du si\u00e8cle dernier, je ne sais pas encore r\u00e9pondre \u00e0 cette question existentielle. Mais ce qui est certain, c\u2019est que les oeuvres que je cr\u00e9e depuis 30 ans rendent bien mieux compte de qui je suis et des espaces en moi, que les mots et le r\u00e9cit [&hellip;]<\/p>\n","protected":false},"author":1,"featured_media":0,"parent":0,"menu_order":5002,"comment_status":"closed","ping_status":"closed","template":"","meta":{"_et_pb_use_builder":"on","_et_pb_old_content":"","_et_gb_content_width":"","footnotes":""},"class_list":["post-506","page","type-page","status-publish","hentry"],"_links":{"self":[{"href":"https:\/\/hoppingflame.org\/index.php?rest_route=\/wp\/v2\/pages\/506","targetHints":{"allow":["GET"]}}],"collection":[{"href":"https:\/\/hoppingflame.org\/index.php?rest_route=\/wp\/v2\/pages"}],"about":[{"href":"https:\/\/hoppingflame.org\/index.php?rest_route=\/wp\/v2\/types\/page"}],"author":[{"embeddable":true,"href":"https:\/\/hoppingflame.org\/index.php?rest_route=\/wp\/v2\/users\/1"}],"replies":[{"embeddable":true,"href":"https:\/\/hoppingflame.org\/index.php?rest_route=%2Fwp%2Fv2%2Fcomments&post=506"}],"version-history":[{"count":53,"href":"https:\/\/hoppingflame.org\/index.php?rest_route=\/wp\/v2\/pages\/506\/revisions"}],"predecessor-version":[{"id":1960,"href":"https:\/\/hoppingflame.org\/index.php?rest_route=\/wp\/v2\/pages\/506\/revisions\/1960"}],"wp:attachment":[{"href":"https:\/\/hoppingflame.org\/index.php?rest_route=%2Fwp%2Fv2%2Fmedia&parent=506"}],"curies":[{"name":"wp","href":"https:\/\/api.w.org\/{rel}","templated":true}]}}