{"id":1914,"date":"2025-05-26T11:08:29","date_gmt":"2025-05-26T09:08:29","guid":{"rendered":"https:\/\/hoppingflame.org\/?page_id=1914"},"modified":"2026-04-15T09:25:21","modified_gmt":"2026-04-15T07:25:21","slug":"trees","status":"publish","type":"page","link":"https:\/\/hoppingflame.org\/?page_id=1914","title":{"rendered":"Trees"},"content":{"rendered":"<p>[et_pb_section fb_built=&#8221;1&#8243; _builder_version=&#8221;4.21.0&#8243; _module_preset=&#8221;default&#8221; min_height=&#8221;1013.6px&#8221; custom_padding=&#8221;20px||4px|||&#8221; global_colors_info=&#8221;{}&#8221;][et_pb_row column_structure=&#8221;1_2,1_2&#8243; _builder_version=&#8221;4.27.4&#8243; _module_preset=&#8221;default&#8221; min_height=&#8221;1045px&#8221; custom_padding=&#8221;||0px|||&#8221; global_colors_info=&#8221;{}&#8221;][et_pb_column type=&#8221;1_2&#8243; _builder_version=&#8221;4.27.4&#8243; _module_preset=&#8221;default&#8221; global_colors_info=&#8221;{}&#8221;][et_pb_text admin_label=&#8221;Nieuws NL&#8221; _builder_version=&#8221;4.27.6&#8243; _module_preset=&#8221;default&#8221; text_font=&#8221;Quicksand||||||||&#8221; text_font_size=&#8221;17px&#8221; custom_padding=&#8221;10px|12px|10px|12px|true|true&#8221; hover_enabled=&#8221;0&#8243; border_width_all=&#8221;1px&#8221; border_color_all=&#8221;#e0e0e0&#8243; box_shadow_style=&#8221;preset1&#8243; global_colors_info=&#8221;{}&#8221; sticky_enabled=&#8221;0&#8243;]<\/p>\n<p style=\"text-align: center;\"><strong>Mijn Bomenjaar<\/strong><\/p>\n<p style=\"text-align: left;\">Hier komen week na week, vanaf mei 2025, vele bomen kijken.<\/p>\n<p>Enkele van de velen die mij tijdens wandelingen wenkten, raakten, verwonderden. Laat jullie harten harder kloppen&#8230; Ze zijn in zovele manieren essentieel voor de mens en voor de aarde in het algemeen !<\/p>\n<p>Ze gaan nooit lopen.<br \/>Zelf neergeveld stralen ze kracht uit, en laten micro-organismen op en onder hun schors huizen.<br \/>Schijnbaar dood in de winter, staan ze er weer in volle glorie in de lente.<br \/>Ze leven in samenhorigheid met mossen, kleingedierte, paddestoelen en meer.<br \/>Ze herbergen in hun kruinen, nesten.<br \/>Eender welk gevleugeld dier kan erin komen rusten.<br \/>Ze geven schaduw, zuurstof, bescherming, rust.<br \/>Zelfs bij harde wind houden ze stand en laten niet zomaar hun bladeren afrukken&#8230; tenzij in de herfst.<br \/>Ze ruiken fris.<br \/>Ze nemen stof op.<br \/>Ze leiden onze blik naar hoger, op naar de hemel.<\/p>\n<p><strong>Stammen<\/strong>: Rechtopstaand, krom, getekend, gekerfd, geklimopt, geschubd, glad, ruw, zacht, stoer, teer, eeuwenoud, pril, als reuzen, als dwergen&#8230;<\/p>\n<p><strong>Kruinen<\/strong>: Verwilderd, verward, netjes gekapseld, felgroen, donkergroen, blauwachtig, olijfgroen, geelachtig, roest, gespikkeld, zacht, met haar op, spelend met licht en schaduw, wisperend, ruisend, neuri\u00ebnd, zingend&#8230;<\/p>\n<p><strong>Takken<\/strong>: Wiegend, brekend, wenkend, ontmoedigd, dapper opstaand, neerhangend, krachtig, soepel, kronkelend, afgeknot&#8230;<\/p>\n<p>Welkom hier, week na week, vanaf mei 2025 !<\/p>\n<p>Hopping Flame<\/p>\n<p>[\/et_pb_text][\/et_pb_column][et_pb_column type=&#8221;1_2&#8243; _builder_version=&#8221;4.27.4&#8243; _module_preset=&#8221;default&#8221; global_colors_info=&#8221;{}&#8221;][et_pb_text admin_label=&#8221;Nouvelles FR&#8221; _builder_version=&#8221;4.27.6&#8243; _module_preset=&#8221;default&#8221; text_font=&#8221;Quicksand||||||||&#8221; text_font_size=&#8221;17px&#8221; custom_padding=&#8221;10px|12px|10px|12px|true|true&#8221; hover_enabled=&#8221;0&#8243; border_width_all=&#8221;1px&#8221; border_color_all=&#8221;#e0e0e0&#8243; box_shadow_style=&#8221;preset1&#8243; global_colors_info=&#8221;{}&#8221; sticky_enabled=&#8221;0&#8243;]<\/p>\n<p class=\"p1\" style=\"text-align: center;\"><b>Mon ann\u00e9e des arbres\u00a0<\/b><b><\/b><\/p>\n<p class=\"p2\">Ici, semaine apr\u00e8s semaine, \u00e0 partir de mai 2025, beaucoup d&#8217;arbres viendront vous saluer.<\/p>\n<p>Quelques-uns parmi les innombrables qui, au fil de mes balades, m\u2019ont fait signe, m\u2019ont touch\u00e9e, \u00e9merveill\u00e9e.<br \/>Laissez vos c\u0153urs battre plus fort\u2026 Ils sont, \u00e0 tant de niveaux, essentiels pour l\u2019humain et pour la Terre en g\u00e9n\u00e9ral!<\/p>\n<p class=\"p2\">Ils ne s\u2019enfuient jamais.<br \/>M\u00eame abattus, ils d\u00e9gagent encore de la force, et laissent les micro-organismes habiter sur et sous leur \u00e9corce.<br \/>Apparemment morts en hiver, ils renaissent de toute leur splendeur au printemps.<br \/>Ils vivent en harmonie avec les mousses, les petites b\u00eates, les champignons, et bien plus encore.<br \/>Ils abritent, dans leurs cimes, des nids.<br \/>N\u2019importe quel oiseau ail\u00e9 peut venir s\u2019y reposer.<br \/>Ils offrent de l\u2019ombre, de l\u2019oxyg\u00e8ne, de la protection, du calme.<br \/>M\u00eame sous les vents violents, ils tiennent bon et ne laissent pas leurs feuilles s\u2019arracher\u2026 sauf en automne.<br \/>Ils sentent bon, le frais.<br \/>Ils captent la poussi\u00e8re.<br \/>Ils guident notre regard vers le haut, vers le ciel.<\/p>\n<p class=\"p2\"><span class=\"s1\"><b>Troncs<\/b><\/span> : Debout, tordus, marqu\u00e9s, entaill\u00e9s, envahis de lierre, \u00e9cailleux, lisses, rugueux, doux, robustes, d\u00e9licats, mill\u00e9naires, tout jeunes, g\u00e9ants ou nains\u2026<\/p>\n<p class=\"p2\"><span class=\"s1\"><b>Cimes<\/b><\/span> : Sauvages, emm\u00eal\u00e9es, soigneusement coiff\u00e9es, vert clair, vert fonc\u00e9, bleut\u00e9es, olive, jaun\u00e2tres, rouill\u00e9es, tachet\u00e9es, douces, duveteuses, jouant avec l\u2019ombre et la lumi\u00e8re, murmurantes, bruissantes, fredonnantes, chantantes\u2026<\/p>\n<p class=\"p2\"><span class=\"s1\"><b>Branches<\/b><\/span> : Berc\u00e9es, cassantes, appelantes, d\u00e9courag\u00e9es, fi\u00e8rement dress\u00e9es, tombantes, puissantes, souples, tortueuses, coup\u00e9es\u2026<\/p>\n<p class=\"p2\">Bienvenue ici, semaine apr\u00e8s semaine, \u00e0 partir de mai 2025!<\/p>\n<p>Hopping Flame<span class=\"Apple-converted-space\">\u00a0<\/span><\/p>\n<p>[\/et_pb_text][\/et_pb_column][\/et_pb_row][et_pb_row _builder_version=&#8221;4.21.0&#8243; _module_preset=&#8221;default&#8221; custom_margin=&#8221;|auto|-30px|auto||&#8221; custom_padding=&#8221;14px|||||&#8221; global_colors_info=&#8221;{}&#8221;][et_pb_column type=&#8221;4_4&#8243; _builder_version=&#8221;4.21.0&#8243; _module_preset=&#8221;default&#8221; global_colors_info=&#8221;{}&#8221;][et_pb_divider admin_label=&#8221;Divider&#8221; _builder_version=&#8221;4.21.0&#8243; _module_preset=&#8221;default&#8221; min_height=&#8221;11px&#8221; custom_margin=&#8221;2px||11px|||&#8221; global_colors_info=&#8221;{}&#8221;][\/et_pb_divider][dipl_masonry_gallery image_ids=&#8221;1991,1996,2002,2023,2026,2031,2035,2039,2046,2057,2060,2065,2071,796,2086,2163,2224,2227,2229,2233,2236,2241,2244,2246,2250,2255,2258,2261,2264,2267,2270,2277,2280,2282,2286,2288,2291,2293,2296,2298,2301,2303,2306,2308&#8243; number_of_columns=&#8221;2&#8243; image_size=&#8221;full&#8221; enable_lightbox=&#8221;on&#8221; _builder_version=&#8221;4.27.6&#8243; _module_preset=&#8221;default&#8221; box_shadow_style_image=&#8221;preset2&#8243; global_colors_info=&#8221;{}&#8221;][\/dipl_masonry_gallery][et_pb_divider admin_label=&#8221;Divider&#8221; _builder_version=&#8221;4.21.0&#8243; _module_preset=&#8221;default&#8221; min_height=&#8221;18px&#8221; custom_margin=&#8221;-51px|||||&#8221; custom_padding=&#8221;31px||1px|||&#8221; global_colors_info=&#8221;{}&#8221;][\/et_pb_divider][\/et_pb_column][\/et_pb_row][\/et_pb_section]<\/p>\n","protected":false},"excerpt":{"rendered":"<p>Mijn Bomenjaar Hier komen week na week, vanaf mei 2025, vele bomen kijken. Enkele van de velen die mij tijdens wandelingen wenkten, raakten, verwonderden. Laat jullie harten harder kloppen&#8230; Ze zijn in zovele manieren essentieel voor de mens en voor de aarde in het algemeen ! Ze gaan nooit lopen.Zelf neergeveld stralen ze kracht uit, [&hellip;]<\/p>\n","protected":false},"author":1,"featured_media":0,"parent":0,"menu_order":4500,"comment_status":"closed","ping_status":"closed","template":"","meta":{"_et_pb_use_builder":"on","_et_pb_old_content":"","_et_gb_content_width":"","footnotes":""},"class_list":["post-1914","page","type-page","status-publish","hentry"],"_links":{"self":[{"href":"https:\/\/hoppingflame.org\/index.php?rest_route=\/wp\/v2\/pages\/1914","targetHints":{"allow":["GET"]}}],"collection":[{"href":"https:\/\/hoppingflame.org\/index.php?rest_route=\/wp\/v2\/pages"}],"about":[{"href":"https:\/\/hoppingflame.org\/index.php?rest_route=\/wp\/v2\/types\/page"}],"author":[{"embeddable":true,"href":"https:\/\/hoppingflame.org\/index.php?rest_route=\/wp\/v2\/users\/1"}],"replies":[{"embeddable":true,"href":"https:\/\/hoppingflame.org\/index.php?rest_route=%2Fwp%2Fv2%2Fcomments&post=1914"}],"version-history":[{"count":71,"href":"https:\/\/hoppingflame.org\/index.php?rest_route=\/wp\/v2\/pages\/1914\/revisions"}],"predecessor-version":[{"id":2312,"href":"https:\/\/hoppingflame.org\/index.php?rest_route=\/wp\/v2\/pages\/1914\/revisions\/2312"}],"wp:attachment":[{"href":"https:\/\/hoppingflame.org\/index.php?rest_route=%2Fwp%2Fv2%2Fmedia&parent=1914"}],"curies":[{"name":"wp","href":"https:\/\/api.w.org\/{rel}","templated":true}]}}